{"id":445,"date":"2026-03-05T09:07:33","date_gmt":"2026-03-05T09:07:33","guid":{"rendered":"https:\/\/www.mssdespachojuridico.es\/?page_id=445"},"modified":"2026-03-05T09:22:57","modified_gmt":"2026-03-05T09:22:57","slug":"noticias","status":"publish","type":"page","link":"https:\/\/www.mssdespachojuridico.es\/index.php\/noticias\/","title":{"rendered":"NOTICIAS"},"content":{"rendered":"\t\t<div data-elementor-type=\"wp-page\" data-elementor-id=\"445\" class=\"elementor elementor-445\" data-elementor-post-type=\"page\">\n\t\t\t\t<div class=\"elementor-element elementor-element-38d6939c e-flex e-con-boxed e-con e-parent\" data-id=\"38d6939c\" data-element_type=\"container\">\n\t\t\t\t\t<div class=\"e-con-inner\">\n\t\t<div class=\"elementor-element elementor-element-3f6c9fc0 e-flex e-con-boxed e-con e-child\" data-id=\"3f6c9fc0\" data-element_type=\"container\" data-settings=\"{&quot;background_background&quot;:&quot;classic&quot;}\">\n\t\t\t\t\t<div class=\"e-con-inner\">\n\t\t\t\t<div class=\"elementor-element elementor-element-277ab37e elementor-widget elementor-widget-heading\" data-id=\"277ab37e\" data-element_type=\"widget\" data-widget_type=\"heading.default\">\n\t\t\t\t<div class=\"elementor-widget-container\">\n\t\t\t\t\t<h1 class=\"elementor-heading-title elementor-size-default\">NUESTRAS \u00daLTIMAS NOTICIAS<\/h1>\t\t\t\t<\/div>\n\t\t\t\t<\/div>\n\t\t\t\t<div class=\"elementor-element elementor-element-fcbf882 elementor-widget__width-inherit elementor-widget elementor-widget-text-editor\" data-id=\"fcbf882\" data-element_type=\"widget\" data-widget_type=\"text-editor.default\">\n\t\t\t\t<div class=\"elementor-widget-container\">\n\t\t\t\t\t\t\t\t\t<p>En esta secci\u00f3n publicaremos noticias jur\u00eddicas, novedades legislativas y an\u00e1lisis de actualidad relacionados con las principales \u00e1reas del derecho que afectan a ciudadanos y empresas.<br data-start=\"442\" data-end=\"445\" \/>Desde nuestro despacho de abogados en Teruel, compartimos informaci\u00f3n rigurosa y actualizada sobre cambios normativos, resoluciones judiciales relevantes y cuestiones legales de inter\u00e9s, con el objetivo de ofrecer una visi\u00f3n clara y \u00fatil para quienes buscan orientaci\u00f3n jur\u00eddica en la provincia de Teruel.<\/p>\t\t\t\t\t\t\t\t<\/div>\n\t\t\t\t<\/div>\n\t\t\t\t\t<\/div>\n\t\t\t\t<\/div>\n\t\t\t\t\t<\/div>\n\t\t\t\t<\/div>\n\t\t<div class=\"elementor-element elementor-element-67629245 e-flex e-con-boxed e-con e-parent\" data-id=\"67629245\" data-element_type=\"container\">\n\t\t\t\t\t<div class=\"e-con-inner\">\n\t\t\t\t<div class=\"elementor-element elementor-element-54178de6 elementor-posts__hover-none elementor-grid-3 elementor-grid-tablet-2 elementor-grid-mobile-1 elementor-posts--thumbnail-top elementor-widget elementor-widget-posts\" data-id=\"54178de6\" data-element_type=\"widget\" data-settings=\"{&quot;cards_row_gap&quot;:{&quot;unit&quot;:&quot;px&quot;,&quot;size&quot;:80,&quot;sizes&quot;:[]},&quot;cards_row_gap_tablet&quot;:{&quot;unit&quot;:&quot;px&quot;,&quot;size&quot;:71,&quot;sizes&quot;:[]},&quot;cards_row_gap_mobile&quot;:{&quot;unit&quot;:&quot;px&quot;,&quot;size&quot;:30,&quot;sizes&quot;:[]},&quot;cards_columns&quot;:&quot;3&quot;,&quot;cards_columns_tablet&quot;:&quot;2&quot;,&quot;cards_columns_mobile&quot;:&quot;1&quot;}\" data-widget_type=\"posts.cards\">\n\t\t\t\t<div class=\"elementor-widget-container\">\n\t\t\t\t\t\t\t<div class=\"elementor-posts-container elementor-posts elementor-posts--skin-cards elementor-grid\">\n\t\t\t\t<article class=\"elementor-post elementor-grid-item post-1 post type-post status-publish format-standard hentry category-uncategorized\">\n\t\t\t<div class=\"elementor-post__card\">\n\t\t\t\t<div class=\"elementor-post__text\">\n\t\t\t\t<h4 class=\"elementor-post__title\">\n\t\t\t<a href=\"https:\/\/www.mssdespachojuridico.es\/index.php\/2023\/01\/25\/hello-world\/\" >\n\t\t\t\tBienvenidos al blog de nuestro despacho jur\u00eddico en Teruel\t\t\t<\/a>\n\t\t<\/h4>\n\t\t\t\t<div class=\"elementor-post__excerpt\">\n\t\t\t<p>Desde nuestro despacho jur\u00eddico iniciamos este espacio informativo con el objetivo de acercar el derecho a ciudadanos, profesionales y empresas<\/p>\n\t\t<\/div>\n\t\t\n\t\t<a class=\"elementor-post__read-more\" href=\"https:\/\/www.mssdespachojuridico.es\/index.php\/2023\/01\/25\/hello-world\/\" aria-label=\"M\u00e1s informaci\u00f3n sobre Bienvenidos al blog de nuestro despacho jur\u00eddico en Teruel\" tabindex=\"-1\" >\n\t\t\tLeer noticia completa\t\t<\/a>\n\n\t\t\t\t<\/div>\n\t\t\t\t\t<\/div>\n\t\t<\/article>\n\t\t\t\t<\/div>\n\t\t\n\t\t\t\t\t\t<\/div>\n\t\t\t\t<\/div>\n\t\t\t\t\t<\/div>\n\t\t\t\t<\/div>\n\t\t\t\t<\/div>\n\t\t","protected":false},"excerpt":{"rendered":"<p>NUESTRAS \u00daLTIMAS NOTICIAS En esta secci\u00f3n publicaremos noticias jur\u00eddicas, novedades legislativas y an\u00e1lisis de actualidad relacionados con las principales \u00e1reas del derecho que afectan a ciudadanos y empresas.Desde nuestro despacho de abogados en Teruel, compartimos informaci\u00f3n rigurosa y actualizada sobre cambios normativos, resoluciones judiciales relevantes y cuestiones legales de inter\u00e9s, con el objetivo de ofrecer [&hellip;]<\/p>\n","protected":false},"author":1,"featured_media":0,"parent":0,"menu_order":0,"comment_status":"closed","ping_status":"closed","template":"","meta":{"footnotes":""},"class_list":["post-445","page","type-page","status-publish","hentry"],"_links":{"self":[{"href":"https:\/\/www.mssdespachojuridico.es\/index.php\/wp-json\/wp\/v2\/pages\/445","targetHints":{"allow":["GET"]}}],"collection":[{"href":"https:\/\/www.mssdespachojuridico.es\/index.php\/wp-json\/wp\/v2\/pages"}],"about":[{"href":"https:\/\/www.mssdespachojuridico.es\/index.php\/wp-json\/wp\/v2\/types\/page"}],"author":[{"embeddable":true,"href":"https:\/\/www.mssdespachojuridico.es\/index.php\/wp-json\/wp\/v2\/users\/1"}],"replies":[{"embeddable":true,"href":"https:\/\/www.mssdespachojuridico.es\/index.php\/wp-json\/wp\/v2\/comments?post=445"}],"version-history":[{"count":13,"href":"https:\/\/www.mssdespachojuridico.es\/index.php\/wp-json\/wp\/v2\/pages\/445\/revisions"}],"predecessor-version":[{"id":472,"href":"https:\/\/www.mssdespachojuridico.es\/index.php\/wp-json\/wp\/v2\/pages\/445\/revisions\/472"}],"wp:attachment":[{"href":"https:\/\/www.mssdespachojuridico.es\/index.php\/wp-json\/wp\/v2\/media?parent=445"}],"curies":[{"name":"wp","href":"https:\/\/api.w.org\/{rel}","templated":true}]}}